{"id":423,"date":"2020-09-28T13:56:02","date_gmt":"2020-09-28T11:56:02","guid":{"rendered":"https:\/\/rosenzweig.immobilien\/?page_id=423"},"modified":"2021-04-07T14:19:32","modified_gmt":"2021-04-07T12:19:32","slug":"kompetenzen","status":"publish","type":"page","link":"https:\/\/rosenzweig.immobilien\/index.php\/kompetenzen\/","title":{"rendered":"Kompetenzen"},"content":{"rendered":"\n<div class=\"wp-block-media-text alignwide is-stacked-on-mobile\" style=\"grid-template-columns:45% auto\"><figure class=\"wp-block-media-text__media\"><img loading=\"lazy\" decoding=\"async\" width=\"1024\" height=\"865\" src=\"https:\/\/rosenzweig.immobilien\/wp-content\/uploads\/2021\/02\/DSC_0743-crop-1024x865.jpg\" alt=\"\" class=\"wp-image-531 size-full\" srcset=\"https:\/\/rosenzweig.immobilien\/wp-content\/uploads\/2021\/02\/DSC_0743-crop-1024x865.jpg 1024w, https:\/\/rosenzweig.immobilien\/wp-content\/uploads\/2021\/02\/DSC_0743-crop-300x253.jpg 300w, https:\/\/rosenzweig.immobilien\/wp-content\/uploads\/2021\/02\/DSC_0743-crop-768x649.jpg 768w, https:\/\/rosenzweig.immobilien\/wp-content\/uploads\/2021\/02\/DSC_0743-crop-1536x1298.jpg 1536w, https:\/\/rosenzweig.immobilien\/wp-content\/uploads\/2021\/02\/DSC_0743-crop-2048x1730.jpg 2048w, https:\/\/rosenzweig.immobilien\/wp-content\/uploads\/2021\/02\/DSC_0743-crop-700x591.jpg 700w, https:\/\/rosenzweig.immobilien\/wp-content\/uploads\/2021\/02\/DSC_0743-crop-520x439.jpg 520w, https:\/\/rosenzweig.immobilien\/wp-content\/uploads\/2021\/02\/DSC_0743-crop-360x304.jpg 360w, https:\/\/rosenzweig.immobilien\/wp-content\/uploads\/2021\/02\/DSC_0743-crop-250x211.jpg 250w, https:\/\/rosenzweig.immobilien\/wp-content\/uploads\/2021\/02\/DSC_0743-crop-100x84.jpg 100w\" sizes=\"auto, (max-width: 1024px) 100vw, 1024px\" \/><\/figure><div class=\"wp-block-media-text__content\">\n<h2 class=\"wp-block-heading\">Warum mich?<\/h2>\n\n\n\n<ul class=\"wp-block-list\"><li>gro\u00dfes Kundennetzwerk<\/li><li>verf\u00fcge \u00fcber langj\u00e4hrige Erfahrung in Bau-, Recht-, Finanzierungs- und Steuerbereichen<\/li><li>kenne die regionalen M\u00e4rkte, informiere \u00fcber die Entwicklungen der Immobilien<\/li><li>nehme mir pers\u00f6nlich Zeit f\u00fcr Sie<\/li><li>warne vor konzeptionellen Risiken<\/li><li>Kostenersparnisse und effiziente Abl\u00e4ufe\/Antragstellungen zu den Themen: Finanzierungen, Grundbuch, Notar, Genehmigungsbeh\u00f6rden und Steuern.<\/li><\/ul>\n\n\n\n<p><\/p>\n<\/div><\/div>\n\n\n\n<p><\/p>\n\n\n\n<div class=\"wp-block-media-text alignwide has-media-on-the-right is-stacked-on-mobile\" style=\"grid-template-columns:auto 46%\"><figure class=\"wp-block-media-text__media\"><img decoding=\"async\" src=\"https:\/\/rosenzweig.immobilien\/wp-content\/uploads\/2015\/02\/imac-1024x680.jpg\" alt=\"\" class=\"wp-image-142 size-full\"\/><\/figure><div class=\"wp-block-media-text__content\">\n<h2 class=\"wp-block-heading\">Mein Service f\u00fcr Sie<\/h2>\n\n\n\n<ol class=\"wp-block-list\"><li>Pers\u00f6nliche Beratung<\/li><li>Realistische Kaufpreiseinsch\u00e4tzung<\/li><li>Exklusive Vermarktung<\/li><li>Ma\u00dfgeschneidertes Marketingkonzept<\/li><li>Organisation der Besichtigungen<\/li><li>Regelm\u00e4\u00dfiger Report zum Verkaufsstatus<\/li><li>Professionelle Vertragsverhandlung<\/li><li>Objekt- u. Schl\u00fcssel\u00fcbergabe<\/li><li>Anschlu\u00dfvermietung<\/li><li>Teilungserkl\u00e4rungsberatung<\/li><li>Netzwerk Geb\u00e4uder\u00e4umung<br><\/li><\/ol>\n\n\n\n<p><\/p>\n<\/div><\/div>\n\n\n\n<p><\/p>\n\n\n\n<p>Der Makler muss alle Aspekte in ihrer Gesamtheit betrachten und koordinieren. Deshalb ist es meine Aufgabe f\u00fcr Sie als Verk\u00e4ufer und K\u00e4ufer die bestm\u00f6glichsten Kauf- und Verkaufserfolg in Abstimmung mit Bauzeichner, Architekt, Planer, Notar und Steuerberater individuell auszuarbeiten und umzusetzen.<br><\/p>\n\n\n\n<p><\/p>\n\n\n\n<p><\/p>\n\n\n\n<div class=\"wp-block-media-text alignwide is-stacked-on-mobile is-image-fill\"><figure class=\"wp-block-media-text__media\" style=\"background-image:url(https:\/\/rosenzweig.immobilien\/wp-content\/uploads\/2020\/10\/Fabrik_0001-scaled-e1613409712942-742x1024.jpg);background-position:50% 50%\"><img loading=\"lazy\" decoding=\"async\" width=\"742\" height=\"1024\" src=\"https:\/\/rosenzweig.immobilien\/wp-content\/uploads\/2020\/10\/Fabrik_0001-scaled-e1613409712942-742x1024.jpg\" alt=\"\" class=\"wp-image-487 size-full\" srcset=\"https:\/\/rosenzweig.immobilien\/wp-content\/uploads\/2020\/10\/Fabrik_0001-scaled-e1613409712942-742x1024.jpg 742w, https:\/\/rosenzweig.immobilien\/wp-content\/uploads\/2020\/10\/Fabrik_0001-scaled-e1613409712942-217x300.jpg 217w, https:\/\/rosenzweig.immobilien\/wp-content\/uploads\/2020\/10\/Fabrik_0001-scaled-e1613409712942-768x1060.jpg 768w, https:\/\/rosenzweig.immobilien\/wp-content\/uploads\/2020\/10\/Fabrik_0001-scaled-e1613409712942-700x966.jpg 700w, https:\/\/rosenzweig.immobilien\/wp-content\/uploads\/2020\/10\/Fabrik_0001-scaled-e1613409712942-520x718.jpg 520w, https:\/\/rosenzweig.immobilien\/wp-content\/uploads\/2020\/10\/Fabrik_0001-scaled-e1613409712942-360x497.jpg 360w, https:\/\/rosenzweig.immobilien\/wp-content\/uploads\/2020\/10\/Fabrik_0001-scaled-e1613409712942-250x345.jpg 250w, https:\/\/rosenzweig.immobilien\/wp-content\/uploads\/2020\/10\/Fabrik_0001-scaled-e1613409712942-100x138.jpg 100w, https:\/\/rosenzweig.immobilien\/wp-content\/uploads\/2020\/10\/Fabrik_0001-scaled-e1613409712942.jpg 1075w\" sizes=\"auto, (max-width: 742px) 100vw, 742px\" \/><\/figure><div class=\"wp-block-media-text__content\">\n<h2 class=\"wp-block-heading\">Spezielles Know How<\/h2>\n\n\n\n<p>Erkennen und umsetzen baulicher, aufwertender Ma\u00dfnahmen am Objekt mit der Ma\u00dfgabe zur Erzielung eines h\u00f6heren Verkaufserl\u00f6ses. <br>Umsetzung maximaler M\u00f6glichkeiten am Bau auf Altbestand und freien Grundst\u00fccken. Koordination des Architekten, Bauzeichners usw. zur Umsetzung von Vorbescheiden und genehmigungspflichtigen Bauma\u00dfnahmen. <br>Pers\u00f6nliche Pr\u00fcfung der Finanzierungsbonit\u00e4t vor der notariellen Kaufvertragsverbriefung, deshalb kein Zeitverlust und warten auf evtl. nichtaussagekr\u00e4ftige Finanzierungsbest\u00e4tigungen.<br>Erstellung von Bauleistungsbeschreibung. Begleitung und Aufbereitung des Notartermins.<\/p>\n<\/div><\/div>\n","protected":false},"excerpt":{"rendered":"<p>Warum mich? gro\u00dfes Kundennetzwerk verf\u00fcge \u00fcber langj\u00e4hrige Erfahrung in Bau-, Recht-, Finanzierungs- und Steuerbereichen kenne die regionalen M\u00e4rkte, informiere \u00fcber die Entwicklungen der Immobilien nehme mir pers\u00f6nlich Zeit f\u00fcr Sie warne vor konzeptionellen Risiken Kostenersparnisse und effiziente Abl\u00e4ufe\/Antragstellungen zu den [&hellip;]<\/p>\n","protected":false},"author":1,"featured_media":0,"parent":0,"menu_order":0,"comment_status":"closed","ping_status":"closed","template":"page-templates\/page_fullwidth.php","meta":{"footnotes":""},"class_list":["post-423","page","type-page","status-publish","hentry","clearfix"],"_links":{"self":[{"href":"https:\/\/rosenzweig.immobilien\/index.php\/wp-json\/wp\/v2\/pages\/423","targetHints":{"allow":["GET"]}}],"collection":[{"href":"https:\/\/rosenzweig.immobilien\/index.php\/wp-json\/wp\/v2\/pages"}],"about":[{"href":"https:\/\/rosenzweig.immobilien\/index.php\/wp-json\/wp\/v2\/types\/page"}],"author":[{"embeddable":true,"href":"https:\/\/rosenzweig.immobilien\/index.php\/wp-json\/wp\/v2\/users\/1"}],"replies":[{"embeddable":true,"href":"https:\/\/rosenzweig.immobilien\/index.php\/wp-json\/wp\/v2\/comments?post=423"}],"version-history":[{"count":39,"href":"https:\/\/rosenzweig.immobilien\/index.php\/wp-json\/wp\/v2\/pages\/423\/revisions"}],"predecessor-version":[{"id":552,"href":"https:\/\/rosenzweig.immobilien\/index.php\/wp-json\/wp\/v2\/pages\/423\/revisions\/552"}],"wp:attachment":[{"href":"https:\/\/rosenzweig.immobilien\/index.php\/wp-json\/wp\/v2\/media?parent=423"}],"curies":[{"name":"wp","href":"https:\/\/api.w.org\/{rel}","templated":true}]}}