{"id":267,"date":"2019-10-28T20:26:54","date_gmt":"2019-10-28T19:26:54","guid":{"rendered":"https:\/\/rosenzweig.immobilien\/?page_id=267"},"modified":"2025-09-27T09:43:47","modified_gmt":"2025-09-27T07:43:47","slug":"impressum","status":"publish","type":"page","link":"https:\/\/rosenzweig.immobilien\/index.php\/impressum\/","title":{"rendered":"Impressum"},"content":{"rendered":"\n<p><strong> Angaben gem\u00e4\u00df \u00a7 5 TMG <\/strong><\/p>\n\n\n\n<p>Christoph Rosenzweig, Rosenzweig Immobilien, Zillibillerstra\u00dfe 41, 83229 Aschau i. Chiemgau<\/p>\n\n\n\n<p><strong>Kontakt\n<\/strong><\/p>\n\n\n\n<p>Telefon: 0176 470 95874<br>\nE-Mail: ch@rosenzweig.immobilien\n<\/p>\n\n\n\n<p><strong>Berufsbezeichnung und berufsrechtliche Regelungen\n<\/strong><\/p>\n\n\n\n<p>Berufsbezeichnung: Immobilienmakler, Darlehensvermittler mit einer Erlaubnis nach \u00a7 34c GewO<br>Zust\u00e4ndige Kammer: IHK M\u00fcnchen und Oberbayern, Max-Joseph-Str. 2, 80333 M\u00fcnchen<\/p>\n\n\n\n<p><strong>Streitschlichtung\n<\/strong><\/p>\n\n\n\n<p>Die Europ\u00e4ische Kommission stellt eine Plattform zur Online-Streitbeilegung (OS) bereit:\nhttps:\/\/ec.europa.eu\/consumers\/odr.<br>\nUnsere E-Mail-Adresse finden Sie oben im Impressum.\n<\/p>\n\n\n\n<p>Wir sind nicht bereit oder verpflichtet, an Streitbeilegungsverfahren vor einer\nVerbraucherschlichtungsstelle teilzunehmen.\n<\/p>\n\n\n\n<p><strong>Haftung f\u00fcr Inhalte\n<\/strong><\/p>\n\n\n\n<p>Als Diensteanbieter sind wir gem\u00e4\u00df \u00a7 7 Abs.1 TMG f\u00fcr eigene Inhalte auf diesen Seiten nach den\nallgemeinen Gesetzen verantwortlich. Nach \u00a7\u00a7 8 bis 10 TMG sind wir als Diensteanbieter jedoch nicht\nverpflichtet, \u00fcbermittelte oder gespeicherte fremde Informationen zu \u00fcberwachen oder nach Umst\u00e4nden zu\nforschen, die auf eine rechtswidrige T\u00e4tigkeit hinweisen.\n<\/p>\n\n\n\n<p>2\/ 4\n<\/p>\n\n\n\n<p>Verpflichtungen zur Entfernung oder Sperrung der Nutzung von Informationen nach den allgemeinen\nGesetzen bleiben hiervon unber\u00fchrt. Eine diesbez\u00fcgliche Haftung ist jedoch erst ab dem Zeitpunkt der\nKenntnis einer konkreten Rechtsverletzung m\u00f6glich. Bei Bekanntwerden von entsprechenden\nRechtsverletzungen werden wir diese Inhalte umgehend entfernen.\n<\/p>\n\n\n\n<p><strong>Haftung f\u00fcr Links\n<\/strong><\/p>\n\n\n\n<p>Unser Angebot enth\u00e4lt Links zu externen Websites Dritter, auf deren Inhalte wir keinen Einfluss haben.\nDeshalb k\u00f6nnen wir f\u00fcr diese fremden Inhalte auch keine Gew\u00e4hr \u00fcbernehmen. F\u00fcr die Inhalte der\nverlinkten Seiten ist stets der jeweilige Anbieter oder Betreiber der Seiten verantwortlich. Die verlinkten\nSeiten wurden zum Zeitpunkt der Verlinkung auf m\u00f6gliche Rechtsverst\u00f6\u00dfe \u00fcberpr\u00fcft. Rechtswidrige Inhalte\nwaren zum Zeitpunkt der Verlinkung nicht erkennbar.\n<\/p>\n\n\n\n<p>Eine permanente inhaltliche Kontrolle der verlinkten Seiten ist jedoch ohne konkrete Anhaltspunkte einer\nRechtsverletzung nicht zumutbar. Bei Bekanntwerden von Rechtsverletzungen werden wir derartige Links\numgehend entfernen.\n<\/p>\n\n\n\n<p><strong>Urheberrecht\n<\/strong><\/p>\n\n\n\n<p>Die durch die Seitenbetreiber erstellten Inhalte und Werke auf diesen Seiten unterliegen dem deutschen\nUrheberrecht. Die Vervielf\u00e4ltigung, Bearbeitung, Verbreitung und jede Art der Verwertung au\u00dferhalb der\nGrenzen des Urheberrechtes bed\u00fcrfen der schriftlichen Zustimmung des jeweiligen Autors bzw. Erstellers.\nDownloads und Kopien dieser Seite sind nur f\u00fcr den privaten, nicht kommerziellen Gebrauch gestattet.\n<\/p>\n\n\n\n<p>Soweit die Inhalte auf dieser Seite nicht vom Betreiber erstellt wurden, werden die Urheberrechte Dritter\nbeachtet. Insbesondere werden Inhalte Dritter als solche gekennzeichnet. Sollten Sie trotzdem auf eine\nUrheberrechtsverletzung aufmerksam werden, bitten wir um einen entsprechenden Hinweis. Bei\nBekanntwerden von Rechtsverletzungen werden wir derartige Inhalte umgehend entfernen.\n<\/p>\n\n\n\n<p>Quelle:\n<\/p>\n\n\n\n<p>e-recht24.de\n<\/p>\n","protected":false},"excerpt":{"rendered":"<p>Angaben gem\u00e4\u00df \u00a7 5 TMG Christoph Rosenzweig, Rosenzweig Immobilien, Zillibillerstra\u00dfe 41, 83229 Aschau i. Chiemgau Kontakt Telefon: 0176 470 95874 E-Mail: ch@rosenzweig.immobilien Berufsbezeichnung und berufsrechtliche Regelungen Berufsbezeichnung: Immobilienmakler, Darlehensvermittler mit einer Erlaubnis nach \u00a7 34c GewOZust\u00e4ndige Kammer: IHK M\u00fcnchen und [&hellip;]<\/p>\n","protected":false},"author":1,"featured_media":0,"parent":0,"menu_order":0,"comment_status":"closed","ping_status":"closed","template":"","meta":{"footnotes":""},"class_list":["post-267","page","type-page","status-publish","hentry","clearfix"],"_links":{"self":[{"href":"https:\/\/rosenzweig.immobilien\/index.php\/wp-json\/wp\/v2\/pages\/267","targetHints":{"allow":["GET"]}}],"collection":[{"href":"https:\/\/rosenzweig.immobilien\/index.php\/wp-json\/wp\/v2\/pages"}],"about":[{"href":"https:\/\/rosenzweig.immobilien\/index.php\/wp-json\/wp\/v2\/types\/page"}],"author":[{"embeddable":true,"href":"https:\/\/rosenzweig.immobilien\/index.php\/wp-json\/wp\/v2\/users\/1"}],"replies":[{"embeddable":true,"href":"https:\/\/rosenzweig.immobilien\/index.php\/wp-json\/wp\/v2\/comments?post=267"}],"version-history":[{"count":6,"href":"https:\/\/rosenzweig.immobilien\/index.php\/wp-json\/wp\/v2\/pages\/267\/revisions"}],"predecessor-version":[{"id":734,"href":"https:\/\/rosenzweig.immobilien\/index.php\/wp-json\/wp\/v2\/pages\/267\/revisions\/734"}],"wp:attachment":[{"href":"https:\/\/rosenzweig.immobilien\/index.php\/wp-json\/wp\/v2\/media?parent=267"}],"curies":[{"name":"wp","href":"https:\/\/api.w.org\/{rel}","templated":true}]}}