{"id":176,"date":"2016-11-17T10:57:01","date_gmt":"2016-11-17T09:57:01","guid":{"rendered":"http:\/\/www.competethemes.com\/chosen-live-demo\/?page_id=176"},"modified":"2024-05-31T14:03:35","modified_gmt":"2024-05-31T12:03:35","slug":"sample-page","status":"publish","type":"page","link":"https:\/\/rosenzweig.immobilien\/","title":{"rendered":"Ihr Experte f\u00fcr Immobilien &amp; Finanzierungen"},"content":{"rendered":"\n<p>Immobilien sind f\u00fcr mich eine Herzensangelegenheit. <\/p>\n\n\n\n<div class=\"wp-block-media-text alignwide is-stacked-on-mobile has-background\" style=\"background-color:#edfaff;grid-template-columns:25% auto\"><figure class=\"wp-block-media-text__media\"><img loading=\"lazy\" decoding=\"async\" width=\"661\" height=\"1024\" src=\"https:\/\/rosenzweig.immobilien\/wp-content\/uploads\/2021\/11\/DSC_0980web-661x1024.jpg\" alt=\"\" class=\"wp-image-588 size-full\" srcset=\"https:\/\/rosenzweig.immobilien\/wp-content\/uploads\/2021\/11\/DSC_0980web-661x1024.jpg 661w, https:\/\/rosenzweig.immobilien\/wp-content\/uploads\/2021\/11\/DSC_0980web-194x300.jpg 194w, https:\/\/rosenzweig.immobilien\/wp-content\/uploads\/2021\/11\/DSC_0980web-768x1190.jpg 768w, https:\/\/rosenzweig.immobilien\/wp-content\/uploads\/2021\/11\/DSC_0980web-991x1536.jpg 991w, https:\/\/rosenzweig.immobilien\/wp-content\/uploads\/2021\/11\/DSC_0980web-1322x2048.jpg 1322w, https:\/\/rosenzweig.immobilien\/wp-content\/uploads\/2021\/11\/DSC_0980web-700x1085.jpg 700w, https:\/\/rosenzweig.immobilien\/wp-content\/uploads\/2021\/11\/DSC_0980web-520x806.jpg 520w, https:\/\/rosenzweig.immobilien\/wp-content\/uploads\/2021\/11\/DSC_0980web-360x558.jpg 360w, https:\/\/rosenzweig.immobilien\/wp-content\/uploads\/2021\/11\/DSC_0980web-250x387.jpg 250w, https:\/\/rosenzweig.immobilien\/wp-content\/uploads\/2021\/11\/DSC_0980web-100x155.jpg 100w, https:\/\/rosenzweig.immobilien\/wp-content\/uploads\/2021\/11\/DSC_0980web-scaled.jpg 1652w\" sizes=\"auto, (max-width: 661px) 100vw, 661px\" \/><\/figure><div class=\"wp-block-media-text__content\">\n<h2 class=\"wp-block-heading\">Christoph Rosenzweig<\/h2>\n\n\n\n<p class=\"has-black-color has-text-color\">F\u00fcr private und gewerbliche Interessenten, mit profunden Kenntnissen des Immobilien- und Finanzierungsmarktes und besten Kontakten in der Region Chiemgau\/Chiemsee. Ich verstehe mein Business sehr pers\u00f6nlich, weil ich genau weiss, wie eng f\u00fcr meine Kunden Topkompetenz mit pers\u00f6nlichem Vertrauen korreliert. Die Region rund um den Chiemsee ist mein zu Hause. Deswegen stehe ich Ihnen gerne als Bankkaufmann\/Anlage- &amp; Finanzierungs-Immobilienberater, als sicherer Partner zur Seite.<\/p>\n<\/div><\/div>\n\n\n\n<div class=\"wp-block-media-text alignwide has-media-on-the-right is-stacked-on-mobile has-background\" style=\"background-color:#ececec\"><div class=\"wp-block-media-text__content\">\n<h2 class=\"wp-block-heading\">Erfahrung<\/h2>\n\n\n\n<p class=\"has-black-color has-text-color\">Seit 1983 bin ich Bankkaufmann, darin 13 Jahre Immobilienmakler. 18 Jahre war ich Gesch\u00e4ftsf\u00fchrer der VR-Bank Wasserburg mit mehreren Gesch\u00e4ftsstellen. Mein bauliches Wissen ist umfassend, da ich H\u00e4user mit meinen eigenen H\u00e4nden gebaut habe. <\/p>\n<\/div><figure class=\"wp-block-media-text__media\"><img loading=\"lazy\" decoding=\"async\" width=\"1024\" height=\"690\" src=\"https:\/\/rosenzweig.immobilien\/wp-content\/uploads\/2020\/10\/IMG_20200831_191908sm-1024x690.jpg\" alt=\"\" class=\"wp-image-490 size-full\"\/><\/figure><\/div>\n\n\n\n<div class=\"wp-block-media-text alignwide is-stacked-on-mobile has-background\" style=\"background-color:#ececec\"><figure class=\"wp-block-media-text__media\"><img loading=\"lazy\" decoding=\"async\" width=\"1024\" height=\"768\" src=\"https:\/\/rosenzweig.immobilien\/wp-content\/uploads\/2020\/10\/IMG_20200815_134359-1024x768.jpg\" alt=\"\" class=\"wp-image-492 size-full\"\/><\/figure><div class=\"wp-block-media-text__content\">\n<h2 class=\"wp-block-heading\">Effizienz<\/h2>\n\n\n\n<p class=\"has-black-color has-text-color\">Ich pr\u00fcfe pers\u00f6nlich die K\u00e4uferbonit\u00e4t mit nachhaltigen Verm\u00f6gens- und Einkommensunterlagen, um nichtaussagekr\u00e4ftigen Finanzierungsbest\u00e4tigungen vorzubeugen. Eine zeitnahe Feststellung der nachhaltigen Zahlungskr\u00e4ftigkeit des K\u00e4ufers gew\u00e4hrleistet eine sichere Umsetzung der notariellen Verbriefung ihrer Immobilie. Kein unn\u00f6tiges langes Warten auf die Finanzierungsbest\u00e4tigung der Bank, die dann noch nicht einmal aussagekr\u00e4ftig sein muss. Resultat: das zu verkaufende Objekt wird dadurch zum Verkauf nicht unn\u00f6tig blockiert, sondern steht weiteren potentiellen K\u00e4ufern zur Verf\u00fcgung.<\/p>\n<\/div><\/div>\n\n\n\n<div class=\"wp-block-media-text alignwide has-media-on-the-right is-stacked-on-mobile has-black-color has-text-color has-background\" style=\"background-color:#ececec;grid-template-columns:auto 20%\"><div class=\"wp-block-media-text__content\">\n<h2 class=\"wp-block-heading\">Bastian Rosenzweig<\/h2>\n\n\n\n<p>Ich finde ihre Wunschimmoblie f\u00fcr Sie. <br>Kontaktieren Sie mich unter +49 176 8460 9047.<\/p>\n<\/div><figure class=\"wp-block-media-text__media\"><img loading=\"lazy\" decoding=\"async\" width=\"675\" height=\"1024\" src=\"https:\/\/rosenzweig.immobilien\/wp-content\/uploads\/2021\/11\/DSC_0791website-675x1024.jpg\" alt=\"\" class=\"wp-image-591 size-full\" srcset=\"https:\/\/rosenzweig.immobilien\/wp-content\/uploads\/2021\/11\/DSC_0791website-675x1024.jpg 675w, https:\/\/rosenzweig.immobilien\/wp-content\/uploads\/2021\/11\/DSC_0791website-198x300.jpg 198w, https:\/\/rosenzweig.immobilien\/wp-content\/uploads\/2021\/11\/DSC_0791website-768x1166.jpg 768w, https:\/\/rosenzweig.immobilien\/wp-content\/uploads\/2021\/11\/DSC_0791website-1012x1536.jpg 1012w, https:\/\/rosenzweig.immobilien\/wp-content\/uploads\/2021\/11\/DSC_0791website-1349x2048.jpg 1349w, https:\/\/rosenzweig.immobilien\/wp-content\/uploads\/2021\/11\/DSC_0791website-700x1063.jpg 700w, https:\/\/rosenzweig.immobilien\/wp-content\/uploads\/2021\/11\/DSC_0791website-520x789.jpg 520w, https:\/\/rosenzweig.immobilien\/wp-content\/uploads\/2021\/11\/DSC_0791website-360x546.jpg 360w, https:\/\/rosenzweig.immobilien\/wp-content\/uploads\/2021\/11\/DSC_0791website-250x379.jpg 250w, https:\/\/rosenzweig.immobilien\/wp-content\/uploads\/2021\/11\/DSC_0791website-100x152.jpg 100w, https:\/\/rosenzweig.immobilien\/wp-content\/uploads\/2021\/11\/DSC_0791website.jpg 1531w\" sizes=\"auto, (max-width: 675px) 100vw, 675px\" \/><\/figure><\/div>\n\n\n\n<p class=\"has-very-dark-gray-color has-text-color\"><\/p>\n\n\n\n<div class=\"wp-block-columns is-layout-flex wp-container-core-columns-is-layout-9d6595d7 wp-block-columns-is-layout-flex\">\n<div class=\"wp-block-column is-layout-flow wp-block-column-is-layout-flow\"><\/div>\n\n\n\n<div class=\"wp-block-column is-layout-flow wp-block-column-is-layout-flow\"><\/div>\n\n\n\n<div class=\"wp-block-column is-layout-flow wp-block-column-is-layout-flow\">\n<figure class=\"wp-block-image size-full\"><img loading=\"lazy\" decoding=\"async\" width=\"490\" height=\"472\" src=\"https:\/\/rosenzweig.immobilien\/wp-content\/uploads\/2022\/11\/image001-2.png\" alt=\"\" class=\"wp-image-619\" srcset=\"https:\/\/rosenzweig.immobilien\/wp-content\/uploads\/2022\/11\/image001-2.png 490w, https:\/\/rosenzweig.immobilien\/wp-content\/uploads\/2022\/11\/image001-2-300x289.png 300w, https:\/\/rosenzweig.immobilien\/wp-content\/uploads\/2022\/11\/image001-2-360x347.png 360w, https:\/\/rosenzweig.immobilien\/wp-content\/uploads\/2022\/11\/image001-2-250x241.png 250w, https:\/\/rosenzweig.immobilien\/wp-content\/uploads\/2022\/11\/image001-2-100x96.png 100w\" sizes=\"auto, (max-width: 490px) 100vw, 490px\" \/><figcaption class=\"wp-element-caption\">Source: Immowelt<\/figcaption><\/figure>\n<\/div>\n<\/div>\n","protected":false},"excerpt":{"rendered":"<p>Immobilien sind f\u00fcr mich eine Herzensangelegenheit. Christoph Rosenzweig F\u00fcr private und gewerbliche Interessenten, mit profunden Kenntnissen des Immobilien- und Finanzierungsmarktes und besten Kontakten in der Region Chiemgau\/Chiemsee. Ich verstehe mein Business sehr pers\u00f6nlich, weil ich genau weiss, wie eng f\u00fcr [&hellip;]<\/p>\n","protected":false},"author":1,"featured_media":0,"parent":0,"menu_order":0,"comment_status":"closed","ping_status":"closed","template":"page-templates\/page_fullwidth.php","meta":{"footnotes":""},"class_list":["post-176","page","type-page","status-publish","hentry","clearfix"],"_links":{"self":[{"href":"https:\/\/rosenzweig.immobilien\/index.php\/wp-json\/wp\/v2\/pages\/176","targetHints":{"allow":["GET"]}}],"collection":[{"href":"https:\/\/rosenzweig.immobilien\/index.php\/wp-json\/wp\/v2\/pages"}],"about":[{"href":"https:\/\/rosenzweig.immobilien\/index.php\/wp-json\/wp\/v2\/types\/page"}],"author":[{"embeddable":true,"href":"https:\/\/rosenzweig.immobilien\/index.php\/wp-json\/wp\/v2\/users\/1"}],"replies":[{"embeddable":true,"href":"https:\/\/rosenzweig.immobilien\/index.php\/wp-json\/wp\/v2\/comments?post=176"}],"version-history":[{"count":100,"href":"https:\/\/rosenzweig.immobilien\/index.php\/wp-json\/wp\/v2\/pages\/176\/revisions"}],"predecessor-version":[{"id":729,"href":"https:\/\/rosenzweig.immobilien\/index.php\/wp-json\/wp\/v2\/pages\/176\/revisions\/729"}],"wp:attachment":[{"href":"https:\/\/rosenzweig.immobilien\/index.php\/wp-json\/wp\/v2\/media?parent=176"}],"curies":[{"name":"wp","href":"https:\/\/api.w.org\/{rel}","templated":true}]}}